{"id":877,"date":"2023-02-06T18:02:17","date_gmt":"2023-02-06T17:02:17","guid":{"rendered":"https:\/\/dropcampers.de\/?page_id=877"},"modified":"2023-02-17T11:36:13","modified_gmt":"2023-02-17T10:36:13","slug":"datenschutz","status":"publish","type":"page","link":"https:\/\/dropcampers.de\/nl\/datenschutz\/","title":{"rendered":"gegevensbescherming"},"content":{"rendered":"<div data-elementor-type=\"wp-page\" data-elementor-id=\"877\" class=\"elementor elementor-877\">\n\t\t\t\t\t\t\t\t\t<section data-particle_enable=\"false\" data-particle-mobile-disabled=\"false\" class=\"elementor-section elementor-top-section elementor-element elementor-element-0bf9f94 elementor-section-boxed elementor-section-height-default elementor-section-height-default\" data-id=\"0bf9f94\" data-element_type=\"section\">\n\t\t\t\t\t\t<div class=\"elementor-container elementor-column-gap-default\">\n\t\t\t\t\t<div class=\"elementor-column elementor-col-100 elementor-top-column elementor-element elementor-element-3b15ee4\" data-id=\"3b15ee4\" data-element_type=\"column\">\n\t\t\t<div class=\"elementor-widget-wrap elementor-element-populated\">\n\t\t\t\t\t\t\t\t<div class=\"elementor-element elementor-element-3483597 elementor-widget elementor-widget-text-editor\" data-id=\"3483597\" data-element_type=\"widget\" data-widget_type=\"text-editor.default\">\n\t\t\t\t<div class=\"elementor-widget-container\">\n\t\t\t<style>\/*! elementor - v3.13.3 - 22-05-2023 *\/\n.elementor-widget-text-editor.elementor-drop-cap-view-stacked .elementor-drop-cap{background-color:#69727d;color:#fff}.elementor-widget-text-editor.elementor-drop-cap-view-framed .elementor-drop-cap{color:#69727d;border:3px solid;background-color:transparent}.elementor-widget-text-editor:not(.elementor-drop-cap-view-default) .elementor-drop-cap{margin-top:8px}.elementor-widget-text-editor:not(.elementor-drop-cap-view-default) .elementor-drop-cap-letter{width:1em;height:1em}.elementor-widget-text-editor .elementor-drop-cap{float:left;text-align:center;line-height:1;font-size:50px}.elementor-widget-text-editor .elementor-drop-cap-letter{display:inline-block}<\/style>\t\t\t\t<h1>Gegevensbescherming<\/h1><h2>1. Gegevensbescherming in \u00e9\u00e9n oogopslag<\/h2><h3>Algemene informatie<\/h3><p>De volgende opmerkingen geven een eenvoudig overzicht van wat er met uw persoonsgegevens gebeurt als u deze website bezoekt. Persoonlijke gegevens zijn alle gegevens die kunnen worden gebruikt om u persoonlijk te identificeren. Gedetailleerde informatie over het onderwerp gegevensbescherming vindt u in onze gegevensbeschermingsverklaring onder deze tekst.<\/p><h3>Gegevensverzameling op deze website<\/h3><h4>Wie is verantwoordelijk voor de gegevensverzameling op deze website?<\/h4><p>De gegevensverwerking op deze website wordt uitgevoerd door de websitebeheerder. Hun contactgegevens vindt u in het gedeelte \u2018Opmerking over de verantwoordelijke instantie\u2019 in deze verklaring inzake gegevensbescherming.<\/p><h4>Hoe verzamelen wij uw gegevens?<\/h4><p>Enerzijds worden uw gegevens verzameld wanneer u deze aan ons meedeelt. Dit kan b.v. Dit kunnen bijvoorbeeld gegevens zijn die u invult in een contactformulier.<\/p><p>Andere gegevens worden automatisch of met uw toestemming verzameld door onze IT-systemen wanneer u de website bezoekt. Het gaat hierbij vooral om technische gegevens (bijvoorbeeld internetbrowser, besturingssysteem of tijdstip van paginabezoek). Deze gegevens worden automatisch verzameld zodra u deze website bezoekt.<\/p><h4>Waar gebruiken wij uw gegevens voor?<\/h4><p>Een deel van de gegevens wordt verzameld om ervoor te zorgen dat de website foutloos wordt aangeboden. Andere gegevens kunnen worden gebruikt om uw gebruikersgedrag te analyseren.<\/p><h4>Welke rechten heeft u met betrekking tot uw gegevens?<\/h4><p>U heeft te allen tijde het recht om kosteloos informatie te ontvangen over de herkomst, de ontvanger en het doel van uw opgeslagen persoonsgegevens. Daarnaast heeft u het recht om correctie of verwijdering van deze gegevens te verzoeken. Als u toestemming heeft gegeven voor de gegevensverwerking, kunt u deze toestemming op elk gewenst moment in de toekomst intrekken. U heeft ook het recht om te verzoeken dat de verwerking van uw persoonsgegevens onder bepaalde omstandigheden wordt beperkt. U heeft tevens het recht om een klacht in te dienen bij de verantwoordelijke toezichthoudende autoriteit.<\/p><p>Als u nog vragen heeft over het onderwerp gegevensbescherming, kunt u altijd contact met ons opnemen.<\/p><h3>Analytics en tools van derden<\/h3><p>Wanneer u deze website bezoekt, kan uw surfgedrag statistisch worden ge\u00ebvalueerd. Dit gebeurt voornamelijk met zogenaamde analyseprogramma&#039;s.<\/p><p>Gedetailleerde informatie over deze analyseprogramma&#039;s vindt u in de volgende gegevensbeschermingsverklaring.<\/p><h2>2. Hosting<\/h2><p>Wij hosten de inhoud van onze website bij de volgende provider:<\/p><h3>Alles inclusief<\/h3><p>De aanbieder is ALL-INKL.COM \u2013 Neue Medien M\u00fcnnich, eigenaar Ren\u00e9 M\u00fcnnich, Hauptstra\u00dfe 68, 02742 Friedersdorf (hierna All-Incl). Details zijn te vinden in het privacybeleid van All-Inkl: <a href=\"https:\/\/all-inkl.com\/datenschutzinformationen\/\" target=\"_blank\" rel=\"noopener noreferrer\">https:\/\/all-inkl.com\/datenschutzinformationen\/<\/a>.<\/p><p>Het gebruik van all-inclusive is gebaseerd op artikel 6, lid 1, onder f AVG. Wij hebben er een gerechtvaardigd belang bij dat onze website zo betrouwbaar mogelijk wordt weergegeven. Indien de juiste toestemming is gevraagd, vindt de verwerking uitsluitend plaats op basis van artikel 6, lid 1, onder B. (apparaatvingerafdruk) in de zin van de TTDSG. De toestemming kan op elk moment worden ingetrokken.<\/p><h4>Orderverwerking<\/h4><p>Voor het gebruik van bovengenoemde dienst hebben wij een opdrachtverwerkingsovereenkomst (AVV) afgesloten. Dit is een contract dat vereist is door de wet op de gegevensbescherming en dat ervoor zorgt dat we de persoonlijke gegevens van onze websitebezoekers alleen verwerken in overeenstemming met onze instructies en in overeenstemming met de AVG.<\/p><h2>3. Algemene informatie en verplichte informatie<\/h2><h3>gegevensbescherming<\/h3><p>De beheerders van deze pagina&#039;s nemen de bescherming van uw persoonlijke gegevens zeer serieus. Wij behandelen uw persoonlijke gegevens vertrouwelijk en in overeenstemming met de wettelijke bepalingen inzake gegevensbescherming en deze verklaring inzake gegevensbescherming.<\/p><p>Wanneer u deze website gebruikt, worden er verschillende persoonsgegevens verzameld. Persoonsgegevens zijn gegevens waarmee u persoonlijk ge\u00efdentificeerd kunt worden. In deze gegevensbeschermingsverklaring wordt uitgelegd welke gegevens wij verzamelen en waarvoor wij deze gebruiken. Ook wordt uitgelegd hoe en met welk doel dit gebeurt.<\/p><p>Wij willen u erop wijzen dat de gegevensoverdracht via internet (bijvoorbeeld bij communicatie via e-mail) beveiligingslekken kan vertonen. Volledige bescherming van gegevens tegen toegang door derden is niet mogelijk.<\/p><h3>Opmerking over de verantwoordelijke instantie<\/h3><p>De verantwoordelijke instantie voor de gegevensverwerking op deze website is:<\/p><p>GA ONTDEKKEN<br \/>Bernd &amp; Benjamin Herrling GbR<br \/>Benjamin Haring <br \/>In wiel 10<br \/>66620 Nonnweiler<\/p><p>Telefoon: 06873 9939187<br \/>E-mail: info@dropcampers.de<\/p><p>De verantwoordelijke instantie is de natuurlijke of rechtspersoon die, alleen of samen met anderen, beslist over de doeleinden en middelen voor de verwerking van persoonsgegevens (bijvoorbeeld namen, e-mailadressen, enz.).<\/p><h3>Opslagperiode<\/h3><p>Tenzij in deze gegevensbeschermingsverklaring een specifieke bewaartermijn is gespecificeerd, blijven uw persoonlijke gegevens bij ons totdat het doel van de gegevensverwerking niet langer van toepassing is. Als u een legitiem verzoek tot verwijdering indient of uw toestemming voor gegevensverwerking intrekt, worden uw gegevens verwijderd, tenzij we andere wettelijk toegestane redenen hebben om uw persoonlijke gegevens op te slaan (bijvoorbeeld fiscale of handelsrechtelijke bewaartermijnen); In het laatste geval vindt de verwijdering plaats nadat deze redenen niet langer van toepassing zijn.<\/p><h3>Algemene informatie over de wettelijke basis voor gegevensverwerking op deze website<\/h3><p>Als u toestemming hebt gegeven voor de gegevensverwerking, verwerken wij uw persoonlijke gegevens op basis van artikel 6, lid 1, onder a AVG, of artikel 9, lid 2, onder verlicht. In het geval van uitdrukkelijke toestemming voor de overdracht van persoonsgegevens naar derde landen, vindt de gegevensverwerking ook plaats op basis van artikel 49, lid 1, onder a AVG. Als u toestemming hebt gegeven voor het opslaan van cookies of voor de toegang tot informatie op uw apparaat (bijvoorbeeld via apparaatvingerafdrukken), wordt de gegevensverwerking ook uitgevoerd op basis van artikel 25, lid 1 TTDSG. De toestemming kan op elk moment worden ingetrokken. Als uw gegevens nodig zijn om het contract uit te voeren of precontractuele maatregelen uit te voeren, verwerken wij uw gegevens op basis van artikel 6, lid 1, onder b AVG. Bovendien verwerken wij uw gegevens als dit noodzakelijk is om te voldoen aan een wettelijke verplichting op basis van artikel 6, lid 1, onder c AVG. Gegevensverwerking kan ook worden uitgevoerd op basis van ons legitieme belang in overeenstemming met artikel 6, lid 1, onder f) AVG. Informatie over de relevante rechtsgrondslagen in elk individueel geval vindt u in de volgende paragrafen van deze gegevensbeschermingsverklaring.<\/p><h3>Opmerking over gegevensoverdracht naar de VS en andere derde landen<\/h3><p>We gebruiken onder andere tools van bedrijven die gevestigd zijn in de VS of andere derde landen die niet beveiligd zijn onder de wetgeving inzake gegevensbescherming. Als deze tools actief zijn, kunnen uw persoonsgegevens naar deze derde landen worden overgedragen en daar worden verwerkt. Wij willen u erop wijzen dat in deze landen een niveau van gegevensbescherming vergelijkbaar met dat van de EU niet kan worden gegarandeerd. Amerikaanse bedrijven zijn bijvoorbeeld verplicht persoonsgegevens aan veiligheidsautoriteiten over te dragen zonder dat u als betrokkene hiertegen juridische stappen kunt ondernemen. Het kan daarom niet worden uitgesloten dat Amerikaanse autoriteiten (bijvoorbeeld geheime diensten) uw gegevens voor surveillancedoeleinden verwerken, evalueren en permanent opslaan op Amerikaanse servers. Op deze verwerkingsactiviteiten hebben wij geen invloed.<\/p><h3>Intrekking van uw toestemming voor gegevensverwerking<\/h3><p>Veel gegevensverwerkingen zijn alleen mogelijk met uw uitdrukkelijke toestemming. U kunt uw reeds gegeven toestemming op elk moment intrekken. De rechtmatigheid van de tot aan de intrekking uitgevoerde gegevensverwerking blijft door de intrekking onaangetast.<\/p><h3>Recht om in bijzondere gevallen bezwaar te maken tegen het verzamelen van gegevens en tegen directe reclame (art. 21 AVG)<\/h3><p>INDIEN DE GEGEVENSVERWERKING GEBASEERD IS OP ART. 6 ABS. 1 LITER. E OF F AVG HEBT U HET RECHT OM TE ALLEN TIJDE BEZWAAR TE MAKEN TEGEN DE VERWERKING VAN UW PERSOONLIJKE GEGEVENS OM REDENEN DIE VOORTVLOEIEN UIT UW SPECIFIEKE SITUATIE; DIT GELDT OOK VOOR PROFILERING OP BASIS VAN DEZE VOORWAARDEN. DE TOEPASSELIJKE RECHTSGROND WAAROP DE VERWERKING IS GEBASEERD, IS TE VINDEN IN DIT GEGEVENSBESCHERMINGSBELEID. ALS U BEZWAAR MAAKT, ZULLEN WIJ UW BETROKKEN PERSOONLIJKE GEGEVENS NIET LANGER VERWERKEN, TENZIJ WE COMPLEXE REDENEN VOOR DE VERWERKING KUNNEN AANWIJZEN DIE BOVENDIEN UW BELANGEN, RECHTEN EN VRIJHEID TEGEN UW BELANGEN, RECHTEN EN VRIJHEID OF DE VERWERKING IS VOOR DE BEWEGING, UITOEFENING OF VERDEDIGING IDENTIFICATIE VAN JURIDISCHE CLAIMS (BEZWAAR OVEREENKOMSTIG ARTIKEL 21 (1) AVG).<\/p><p>INDIEN UW PERSOONLIJKE GEGEVENS WORDEN VERWERKT VOOR DIRECTE RECLAME, HEBT U HET RECHT OM TE ALLEN TIJDE BEZWAAR TE MAKEN TEGEN DE VERWERKING VAN UW PERSOONLIJKE GEGEVENS VOOR DE DOELEINDEN VAN DERGELIJKE RECLAME; DIT GELDT OOK VOOR PROFILING, VOOR ZOVER DIT VERBAND HOUDT MET DERGELIJKE DIRECTE RECLAME. INDIEN U BEZWAAR MAAKT, WORDEN UW PERSOONLIJKE GEGEVENS NIET MEER GEBRUIKT VOOR DIRECTE RECLAMEDOELEINDEN (BEZWAAR VOLGENS ART. 21 (2) AVG).<\/p><h3>Recht op beroep bij de bevoegde toezichthoudende autoriteit<\/h3><p>In het geval van schendingen van de AVG hebben de betrokkenen het recht om een klacht in te dienen bij een toezichthoudende autoriteit, met name in de lidstaat waar ze hun gewone verblijfplaats hebben, hun werkplek of de plaats van de vermeende schending. Het recht om een klacht in te dienen bestaat onverminderd eventuele andere administratieve of gerechtelijke rechtsmiddelen.<\/p><h3>Recht op gegevensportabiliteit<\/h3><p>U heeft het recht om gegevens die wij automatisch verwerken op basis van uw toestemming of ter uitvoering van een contract, in een gangbaar, machinaal leesbaar formaat aan u of aan een derde partij te laten overhandigen. Als u de directe overdracht van de gegevens aan een andere verantwoordelijke aanvraagt, gebeurt dit alleen voor zover dit technisch mogelijk is.<\/p><h3>Informatie, verwijdering en correctie<\/h3><p>In het kader van de geldende wettelijke bepalingen heeft u te allen tijde recht op gratis informatie over uw opgeslagen persoonsgegevens, de herkomst en ontvanger ervan en het doel van de gegevensverwerking en, indien nodig, recht op correctie of verwijdering van deze gegevens. U kunt hierover te allen tijde contact met ons opnemen of als u verdere vragen heeft over het onderwerp persoonsgegevens.<\/p><h3>Recht op beperking van de verwerking<\/h3><p>U heeft het recht om te verzoeken dat de verwerking van uw persoonsgegevens wordt beperkt. U kunt hierover te allen tijde contact met ons opnemen. Het recht op beperking van de verwerking bestaat in de volgende gevallen:<\/p><ul><li>Als u de juistheid van de persoonlijke gegevens die wij over u bewaren betwist, hebben wij doorgaans tijd nodig om dit te verifi\u00ebren. Voor de duur van de beoordeling heeft u het recht om te verzoeken dat de verwerking van uw persoonsgegevens wordt beperkt.<\/li><li>Indien de verwerking van uw persoonsgegevens onrechtmatig heeft\/gebeurt, kunt u verzoeken om beperking van de gegevensverwerking in plaats van verwijdering.<\/li><li>Als wij uw persoonlijke gegevens niet langer nodig hebben, maar u deze nodig heeft om juridische claims uit te oefenen, te verdedigen of te doen gelden, heeft u het recht om te verzoeken dat de verwerking van uw persoonlijke gegevens wordt beperkt in plaats van dat deze worden verwijderd.<\/li><li>Als u overeenkomstig artikel 21, lid 1 AVG bezwaar heeft ingediend, moet er een afweging worden gemaakt tussen uw belangen en die van ons. Zolang nog niet duidelijk is wiens belangen prevaleren, heeft u het recht om te verzoeken dat de verwerking van uw persoonsgegevens wordt beperkt.<\/li><\/ul><p>Als u de verwerking van uw persoonsgegevens heeft beperkt, mogen deze gegevens - afgezien van de opslag ervan - alleen worden gebruikt met uw toestemming of om juridische claims te doen gelden, uit te oefenen of te verdedigen of om de rechten van een andere natuurlijke of rechtspersoon te beschermen of om redenen van belangrijk openbaar belang van de Europese Unie of een lidstaat.<\/p><h3>SSL- of TLS-codering<\/h3><p>Deze site maakt gebruik van SSL- of TLS-codering om veiligheidsredenen en om de overdracht van vertrouwelijke inhoud te beschermen, zoals bestellingen of vragen die u naar ons als site-exploitant stuurt. Een gecodeerde verbinding herkent u aan het feit dat de adresregel van de browser verandert van \u2018http:\/\/\u2019 in \u2018https:\/\/\u2019 en aan het slotje in uw browserregel.<\/p><p>Als SSL- of TLS-codering is geactiveerd, kunnen de gegevens die u aan ons verzendt, niet door derden worden gelezen.<\/p><h2>4. Gegevensverzameling op deze website<\/h2><h3>Koekjes<\/h3><p>Onze website maakt gebruik van zogenaamde \u2018cookies\u2019. Cookies zijn kleine datapakketjes en beschadigen uw eindapparaat niet. Ze worden tijdelijk op uw apparaat opgeslagen voor de duur van een sessie (sessiecookies) of permanent (permanente cookies). Sessiecookies worden na uw bezoek automatisch verwijderd. Permanente cookies blijven op uw apparaat opgeslagen totdat u ze zelf verwijdert of uw webbrowser ze automatisch verwijdert.<\/p><p>Cookies kunnen van ons komen (first-party cookies) of van externe bedrijven (zogenaamde third-party cookies). Cookies van derden maken de integratie mogelijk van bepaalde diensten van externe bedrijven binnen websites (bijvoorbeeld cookies voor het verwerken van betalingsdiensten).<\/p><p>Cookies hebben verschillende functies. Talrijke cookies zijn technisch noodzakelijk omdat bepaalde websitefuncties zonder deze niet zouden werken (bijvoorbeeld de winkelwagenfunctie of de weergave van video&#039;s). Andere cookies kunnen worden gebruikt om het gebruikersgedrag te evalueren of voor reclamedoeleinden.<\/p><p>Cookies die nodig zijn om het elektronische communicatieproces uit te voeren, om bepaalde gewenste functies te bieden (bijvoorbeeld voor de winkelwagenfunctie) of om de website te optimaliseren (bijvoorbeeld cookies voor het meten van het webbezoek) (noodzakelijke cookies). opgeslagen op basis van Art. 6 lid 1 sub f AVG, tenzij een andere rechtsgrondslag wordt vermeld. De websitebeheerder heeft een legitiem belang bij het opslaan van noodzakelijke cookies voor een technisch foutloze en geoptimaliseerde levering van zijn diensten. Indien toestemming voor de opslag van cookies en vergelijkbare herkenningstechnologie\u00ebn is gevraagd, vindt de verwerking uitsluitend op basis van deze toestemming plaats (art. 6 lid 1 lit. a AVG en artikel 25 lid 1 TTDSG); toestemming kan op elk moment worden ingetrokken.<\/p><p>U kunt uw browser zo instellen dat u over de instelling van cookies wordt ge\u00efnformeerd en cookies alleen in individuele gevallen toestaat, de acceptatie van cookies voor bepaalde gevallen of in het algemeen uitsluit en het automatisch verwijderen van cookies activeert wanneer u de browser sluit. Als cookies worden uitgeschakeld, kan de functionaliteit van deze website beperkt zijn.<\/p><p>Welke cookies en diensten op deze website worden gebruikt, leest u in deze gegevensbeschermingsverklaring.<\/p><h3>Echte koekjesbanners<\/h3><p>Onze website maakt gebruik van de toestemmingstechnologie van Real Cookie Banner om uw toestemming te verkrijgen voor de opslag van bepaalde cookies op uw eindapparaat of voor het gebruik van bepaalde technologie\u00ebn en om dit te documenteren in overeenstemming met de regelgeving inzake gegevensbescherming. De aanbieder van deze technologie is devowl.io GmbH, Tannet 12, 94539 Grafling (hierna \u201cReal Cookie Banner\u201d).<\/p><p>Real Cookie Banner wordt lokaal op onze servers ge\u00efnstalleerd, er is dus geen verbinding met de servers van de Real Cookie Banner-provider. Real Cookie Banner slaat een cookie op in uw browser om de door u gegeven toestemming aan u te kunnen toewijzen of in te trekken. De op deze manier verzamelde gegevens worden bewaard totdat u ons verzoekt deze te verwijderen, de Real Cookie Banner-cookie zelf te verwijderen of het doel van de opslag van de gegevens niet langer van toepassing is. Verplichte wettelijke bewaarplichten blijven onaangetast.<\/p><p>Real Cookie Banner wordt gebruikt om de wettelijk vereiste toestemming voor het gebruik van cookies te verkrijgen. De wettelijke basis hiervoor is artikel 6, lid 1, onder c) AVG.<\/p><h2>5. Analysetools en advertenties<\/h2><h3>WP-statistieken<\/h3><p>Deze website maakt gebruik van de analysetool WP Statistics om de bezoekerstoegang statistisch te evalueren. Aanbieder is Veronalabs, Tatari 64, 10134, Tallinn, Estland (<a href=\"https:\/\/veronalabs.com\" target=\"_blank\" rel=\"noopener noreferrer\">https:\/\/veronalabs.com<\/a>).<\/p><p>Met WP Statistics kunnen wij het gebruik van onze website analyseren. WP Statistics registreert onder meer: Logbestanden (IP-adres, verwijzer, gebruikte browser, herkomst van de gebruiker, gebruikte zoekmachine) en acties die websitebezoekers op de pagina hebben ondernomen (bijvoorbeeld klikken en weergaven).<\/p><p>De met WP Statistics verzamelde gegevens worden uitsluitend op onze eigen server opgeslagen.<\/p><p>Het gebruik van deze analysetool is gebaseerd op artikel 6, lid 1, onder f AVG. Wij hebben een legitiem belang bij de geanonimiseerde analyse van gebruikersgedrag om zowel onze website als onze advertenties te optimaliseren. Indien de juiste toestemming is gevraagd, vindt de verwerking uitsluitend plaats op basis van artikel 6, lid 1, onder B. Vingerafdrukken van apparaten) in de zin van de TTDSG. De toestemming kan op elk moment worden ingetrokken.<\/p><h4>IP-anonimisering<\/h4><p>Wij gebruiken WP Statistics met geanonimiseerde IP. Uw IP-adres wordt ingekort, zodat het niet meer rechtstreeks aan u kan worden toegewezen.<\/p><h2>6. Plug-ins en tools<\/h2><h3>YouTube met uitgebreide gegevensbescherming<\/h3><p>Deze website bevat video&#039;s van de YouTube-website. De exploitant van de website is Google Ireland Limited (\u201cGoogle\u201d), Gordon House, Barrow Street, Dublin 4, Ierland.<\/p><p>Wij gebruiken YouTube in de uitgebreide gegevensbeschermingsmodus. Volgens YouTube houdt deze modus in dat YouTube geen informatie over bezoekers van deze website opslaat voordat ze de video bekijken. De uitgebreide gegevensbeschermingsmodus sluit echter niet noodzakelijkerwijs het doorgeven van gegevens aan YouTube-partners uit. Dit betekent dat YouTube verbinding maakt met het Google DoubleClick-netwerk, ongeacht of u een video bekijkt.<\/p><p>Zodra u op deze website een YouTube-video start, wordt er een verbinding met de YouTube-servers tot stand gebracht. De YouTube-server wordt ge\u00efnformeerd welke van onze pagina&#039;s u heeft bezocht. Als u bent ingelogd op uw YouTube-account, stelt u YouTube in staat uw surfgedrag rechtstreeks aan uw persoonlijke profiel toe te wijzen. Je kunt dit voorkomen door uit te loggen bij je YouTube-account.<\/p><p>Bovendien kan YouTube na het starten van een video verschillende cookies op uw apparaat opslaan of vergelijkbare herkenningstechnologie\u00ebn gebruiken (bijvoorbeeld apparaatvingerafdrukken). Op deze manier kan YouTube informatie ontvangen over bezoekers van deze website. Deze informatie is onder andere gebruikt om videostatistieken te verzamelen, de gebruikerservaring te verbeteren en fraudepogingen te voorkomen.<\/p><p>Indien nodig kunnen na het starten van een YouTube-video verdere gegevensverwerkingen worden geactiveerd waarop wij geen invloed hebben.<\/p><p>YouTube wordt gebruikt in het belang van een aantrekkelijke presentatie van ons onlineaanbod. Dit vertegenwoordigt een legitiem belang in de zin van artikel 6, lid 1, lit. TTDSG, voor zover de toestemming de opslag van cookies of toegang tot informatie op het eindapparaat van de gebruiker (bijvoorbeeld apparaatvingerafdrukken) in de zin van de TTDSG omvat. De toestemming kan op elk moment worden ingetrokken.<\/p><p>Meer informatie over gegevensbescherming op YouTube vindt u in hun gegevensbeschermingsverklaring op: <a href=\"https:\/\/policies.google.com\/privacy?hl=de\" target=\"_blank\" rel=\"noopener noreferrer\">https:\/\/policies.google.com\/privacy?hl=de<\/a>.<\/p><h3>Google Fonts (lokale hosting)<\/h3><p>Deze site maakt gebruik van zogenaamde Google Fonts, die worden aangeboden door Google, voor de uniforme weergave van lettertypen. De Google Fonts worden lokaal ge\u00efnstalleerd. Er is geen verbinding met de servers van Google.<\/p><p>Zie voor meer informatie over Google Fonts <a href=\"https:\/\/developers.google.com\/fonts\/faq\" target=\"_blank\" rel=\"noopener noreferrer\">https:\/\/developers.google.com\/fonts\/faq<\/a> en in het privacybeleid van Google: <a href=\"https:\/\/policies.google.com\/privacy?hl=de\" target=\"_blank\" rel=\"noopener noreferrer\">https:\/\/policies.google.com\/privacy?hl=de<\/a>.<\/p>\t\t\t\t\t\t<\/div>\n\t\t\t\t<\/div>\n\t\t\t\t<div class=\"elementor-element elementor-element-da6f125 elementor-widget elementor-widget-image\" data-id=\"da6f125\" data-element_type=\"widget\" data-widget_type=\"image.default\">\n\t\t\t\t<div class=\"elementor-widget-container\">\n\t\t\t<style>\/*! elementor - v3.13.3 - 22-05-2023 *\/\n.elementor-widget-image{text-align:center}.elementor-widget-image a{display:inline-block}.elementor-widget-image a img[src$=\".svg\"]{width:48px}.elementor-widget-image img{vertical-align:middle;display:inline-block}<\/style>\t\t\t\t\t\t\t\t\t\t\t\t<img decoding=\"async\" width=\"120\" height=\"156\" src=\"https:\/\/dropcampers.de\/wp-content\/uploads\/2023\/02\/erecht24-siegel-datenschutz-rot.png\" class=\"attachment-full size-full wp-image-1085\" alt=\"\" \/>\t\t\t\t\t\t\t\t\t\t\t\t\t\t\t<\/div>\n\t\t\t\t<\/div>\n\t\t\t\t\t<\/div>\n\t\t<\/div>\n\t\t\t\t\t\t\t<\/div>\n\t\t<\/section>\n\t\t\t\t\t\t\t<\/div>","protected":false},"excerpt":{"rendered":"<p>Datenschutz\u00aderkl\u00e4rung 1. Datenschutz auf einen Blick Allgemeine Hinweise Die folgenden Hinweise geben einen einfachen \u00dcberblick dar\u00fcber, was mit Ihren personenbezogenen Daten passiert, wenn Sie diese Website besuchen. Personenbezogene Daten sind alle Daten, mit denen Sie pers\u00f6nlich identifiziert werden k\u00f6nnen. Ausf\u00fchrliche Informationen zum Thema Datenschutz entnehmen Sie unserer unter diesem Text aufgef\u00fchrten Datenschutzerkl\u00e4rung. Datenerfassung auf dieser &hellip;<\/p>\n<p class=\"read-more\"> <a class=\"\" href=\"https:\/\/dropcampers.de\/nl\/datenschutz\/\"> <span class=\"screen-reader-text\">gegevensbescherming<\/span> Lee&#039;s zee \u00bb<\/a><\/p>","protected":false},"author":1,"featured_media":0,"parent":0,"menu_order":0,"comment_status":"closed","ping_status":"closed","template":"","meta":{"site-sidebar-layout":"no-sidebar","site-content-layout":"page-builder","ast-global-header-display":"","ast-banner-title-visibility":"","ast-main-header-display":"","ast-hfb-above-header-display":"","ast-hfb-below-header-display":"","ast-hfb-mobile-header-display":"","site-post-title":"disabled","ast-breadcrumbs-content":"","ast-featured-img":"disabled","footer-sml-layout":"","theme-transparent-header-meta":"","adv-header-id-meta":"","stick-header-meta":"","header-above-stick-meta":"","header-main-stick-meta":"","header-below-stick-meta":"","_themeisle_gutenberg_block_has_review":false,"footnotes":""},"class_list":["post-877","page","type-page","status-publish","hentry"],"_links":{"self":[{"href":"https:\/\/dropcampers.de\/nl\/wp-json\/wp\/v2\/pages\/877","targetHints":{"allow":["GET"]}}],"collection":[{"href":"https:\/\/dropcampers.de\/nl\/wp-json\/wp\/v2\/pages"}],"about":[{"href":"https:\/\/dropcampers.de\/nl\/wp-json\/wp\/v2\/types\/page"}],"author":[{"embeddable":true,"href":"https:\/\/dropcampers.de\/nl\/wp-json\/wp\/v2\/users\/1"}],"replies":[{"embeddable":true,"href":"https:\/\/dropcampers.de\/nl\/wp-json\/wp\/v2\/comments?post=877"}],"version-history":[{"count":4,"href":"https:\/\/dropcampers.de\/nl\/wp-json\/wp\/v2\/pages\/877\/revisions"}],"predecessor-version":[{"id":1100,"href":"https:\/\/dropcampers.de\/nl\/wp-json\/wp\/v2\/pages\/877\/revisions\/1100"}],"wp:attachment":[{"href":"https:\/\/dropcampers.de\/nl\/wp-json\/wp\/v2\/media?parent=877"}],"curies":[{"name":"wp","href":"https:\/\/api.w.org\/{rel}","templated":true}]}}